{"id":3,"date":"2020-12-11T11:30:19","date_gmt":"2020-12-11T11:30:19","guid":{"rendered":"https:\/\/castrosinn.com\/?page_id=3"},"modified":"2025-11-28T12:18:25","modified_gmt":"2025-11-28T12:18:25","slug":"politica-privacidade","status":"publish","type":"page","link":"https:\/\/porto-deluxe.com\/es\/politica-privacidade\/","title":{"rendered":"Pol\u00edtica de privacidad"},"content":{"rendered":"<h2><\/h2>\r\n<p><span style=\"font-weight: 400;\">Quienes somos<\/span><\/p>\r\n<p><span style=\"font-weight: 400;\">La direcci\u00f3n de nuestro sitio web es: <\/span><a href=\"https:\/\/ded8e15e-de9f-41e1-909a-6240203798c1.pipedrive.email\/c\/g43d73l7y5\/wy0751wnzk\/nkd2zl604w\/3?redirectUrl=https%3A%2F%2Fporto-deluxe.com\"><span style=\"font-weight: 400;\">https:\/\/porto-deluxe.com<\/span><\/a><span style=\"font-weight: 400;\">.<\/span><\/p>\r\n<p><span style=\"font-weight: 400;\">Qu\u00e9 datos personales se recopilan y por qu\u00e9<\/span><\/p>\r\n<p><span style=\"font-weight: 400;\">Galletas<\/span><\/p>\r\n<p><span style=\"font-weight: 400;\">Si deja un comentario en nuestro sitio web, puede optar por guardar su nombre, direcci\u00f3n de correo electr\u00f3nico y sitio web en cookies. Esto es para su comodidad, para que no tenga que volver a rellenar sus datos cuando deje otro comentario. Estas cookies tendr\u00e1n una duraci\u00f3n de un a\u00f1o.<\/span><\/p>\r\n<p><span style=\"font-weight: 400;\">Si visita la p\u00e1gina de inicio de sesi\u00f3n, se establecer\u00e1 una cookie temporal para determinar si su navegador acepta cookies. Esta cookie no contiene datos personales y se eliminar\u00e1 cuando cierre su navegador.<\/span><\/p>\r\n<p><span style=\"font-weight: 400;\">Al iniciar sesi\u00f3n, se configurar\u00e1n algunas cookies para guardar la informaci\u00f3n de su sesi\u00f3n y sus opciones de visualizaci\u00f3n de pantalla. Las cookies de inicio de sesi\u00f3n duran un a\u00f1o. Si selecciona &#8220;Recordarme&#8221;, su sesi\u00f3n persistir\u00e1 durante dos semanas. Al cerrar la sesi\u00f3n, se eliminar\u00e1n las cookies de inicio de sesi\u00f3n.<\/span><\/p>\r\n<p><span style=\"font-weight: 400;\">Si edita o publica un art\u00edculo, se almacenar\u00e1 una cookie adicional en su navegador. Esta cookie no incluye datos personales, solo indica el ID de contenido del art\u00edculo que acaba de editar. Caduca despu\u00e9s de 1 d\u00eda.<\/span><\/p>\r\n<p><span style=\"font-weight: 400;\">Contenido incrustado de otros sitios web<\/span><\/p>\r\n<p><span style=\"font-weight: 400;\">Los art\u00edculos en este sitio pueden incluir contenido incrustado (por ejemplo, videos, im\u00e1genes, art\u00edculos, etc.). El contenido incrustado de otros sitios web se comporta como si el usuario estuviera visitando esos sitios web.<\/span><\/p>\r\n<p><span style=\"font-weight: 400;\">Este sitio puede recopilar datos sobre usted, usar cookies, incorporar seguimiento de terceros, monitorear sus interacciones con \u00e9l, incluido el registro de interacciones con contenido incrustado si tiene una cuenta y ha iniciado sesi\u00f3n en este sitio.<\/span><\/p>\r\n<p><span style=\"font-weight: 400;\">formularios de contacto<\/span><\/p>\r\n<p><span style=\"font-weight: 400;\">Si usa el sitio para hacer reservas para estad\u00edas, los detalles de su reserva solo se usar\u00e1n para fines internos de registro de clientes y para contactarlo sobre asuntos relevantes para la reserva, como todos los aspectos del check-in y check-out, reglas de env\u00edo, avisos y digital. claves, utilizando su correo electr\u00f3nico o tel\u00e9fono.<\/span><\/p>\r\n<p><span style=\"font-weight: 400;\">Cu\u00e1nto tiempo se conservan sus datos<\/span><\/p>\r\n<p><span style=\"font-weight: 400;\">Si deja un comentario, el comentario y sus metadatos se guardan indefinidamente. Esto es para que cualquier comentario posterior pueda reconocerse y aprobarse autom\u00e1ticamente, en lugar de ponerlos en una cola de moderaci\u00f3n.<\/span><\/p>\r\n<p><span style=\"font-weight: 400;\">Para los usuarios que se registran en nuestro sitio (si los hay), almacenamos la informaci\u00f3n personal proporcionada en su perfil de usuario. Todos los usuarios pueden ver, editar o eliminar su informaci\u00f3n personal en cualquier momento (con la excepci\u00f3n de que no pueden cambiar su nombre de usuario). Los administradores del sitio tambi\u00e9n pueden ver y editar esta informaci\u00f3n.<\/span><\/p>\r\n<p><span style=\"font-weight: 400;\">\u00bfQu\u00e9 derechos tienes sobre tus datos?<\/span><\/p>\r\n<p><span style=\"font-weight: 400;\">Si tiene una cuenta en este sitio o ha dejado comentarios, puede solicitar recibir un archivo de exportaci\u00f3n con los datos personales que se tienen sobre usted, incluidos los datos personales que haya proporcionado. Tambi\u00e9n puede solicitar que se eliminen los datos guardados. Esto no incluye ning\u00fan dato personal que sea obligatorio conservar con fines administrativos, legales o de seguridad.<\/span><\/p>\r\n<h2><\/h2>","protected":false},"excerpt":{"rendered":"<p>Quienes somos La direcci\u00f3n de nuestro sitio web es: https:\/\/porto-deluxe.com. Qu\u00e9 datos personales se recopilan y por qu\u00e9 Galletas Si deja un comentario en nuestro sitio web, puede optar por guardar su nombre, direcci\u00f3n de correo electr\u00f3nico y sitio web en cookies. Esto es para su comodidad, para que no tenga que volver a rellenar [&hellip;]<\/p>\n","protected":false},"author":1,"featured_media":0,"parent":0,"menu_order":0,"comment_status":"closed","ping_status":"open","template":"","meta":{"_seopress_robots_primary_cat":"","_seopress_titles_title":"","_seopress_titles_desc":"","_seopress_robots_index":"","inline_featured_image":false,"two_page_speed":{"previous_score":{"desktop_score":83,"desktop_tti":"2.3\u00a0","mobile_score":54,"mobile_tti":"10.8\u00a0","date":"28.11.2025 12:18:11 pm","status":"completed"},"current_score":{"desktop_score":98,"desktop_tti":"0.9\u00a0","mobile_score":80,"mobile_tti":"3.8\u00a0","date":"28.11.2025 12:19:03 pm","status":"completed"}},"_joinchat":[]},"_links":{"self":[{"href":"https:\/\/porto-deluxe.com\/es\/wp-json\/wp\/v2\/pages\/3"}],"collection":[{"href":"https:\/\/porto-deluxe.com\/es\/wp-json\/wp\/v2\/pages"}],"about":[{"href":"https:\/\/porto-deluxe.com\/es\/wp-json\/wp\/v2\/types\/page"}],"author":[{"embeddable":true,"href":"https:\/\/porto-deluxe.com\/es\/wp-json\/wp\/v2\/users\/1"}],"replies":[{"embeddable":true,"href":"https:\/\/porto-deluxe.com\/es\/wp-json\/wp\/v2\/comments?post=3"}],"version-history":[{"count":1,"href":"https:\/\/porto-deluxe.com\/es\/wp-json\/wp\/v2\/pages\/3\/revisions"}],"predecessor-version":[{"id":4290,"href":"https:\/\/porto-deluxe.com\/es\/wp-json\/wp\/v2\/pages\/3\/revisions\/4290"}],"wp:attachment":[{"href":"https:\/\/porto-deluxe.com\/es\/wp-json\/wp\/v2\/media?parent=3"}],"curies":[{"name":"wp","href":"https:\/\/api.w.org\/{rel}","templated":true}]}}