{"id":3286,"date":"2025-08-09T11:33:13","date_gmt":"2025-08-09T11:33:13","guid":{"rendered":"https:\/\/porto-deluxe.com\/?page_id=3286"},"modified":"2025-12-02T10:35:10","modified_gmt":"2025-12-02T10:35:10","slug":"services","status":"publish","type":"page","link":"https:\/\/porto-deluxe.com\/es\/services\/","title":{"rendered":"Servicios"},"content":{"rendered":"<p>[vc_row][vc_column]\t\t<div class=\"homey-module module-title section-title-module text-center \">\r\n\t\t\t<h2 >Servicios extra<\/h2>\r\n\r\n\t\t\t<p  class=\"sub-heading\"><\/p>\r\n\t\t<\/div>\r\n\t\t[vc_row_inner equal_height=&#8221;yes&#8221;][vc_column_inner width=&#8221;1\/3&#8243;][vc_single_image image=&#8221;3288&#8243; img_size=&#8221;250&#215;200&#8243; alignment=&#8221;center&#8221;]<div style=\"clear:both; width:100%; height:20px\"><\/div>\t\t<div class=\"homey-module module-title section-title-module text-center \">\r\n\t\t\t<h2 >Bicicletas<\/h2>\r\n\r\n\t\t\t<p  class=\"sub-heading\">Precio: 15\u20ac\/d\u00eda\/persona<\/p>\r\n\t\t<\/div>\r\n\t\t[vc_column_text css=&#8221;.vc_custom_1754740140811{padding-top: 15px !important;}&#8221;]<\/p>\n<p class=\"p1\">Alquilamos bicicletas. Est\u00e1n en nuestro parking para su uso durante todo el d\u00eda. Es claramente una forma diferente de visitar Porto, ver las playas, el parque de la ciudad, toda la riqueza de la ribera del Duero, ir a la Marginal de Gaia\u2026 finalmente visitar, conocer y hacer ejercicio.<\/p>\n<p>[\/vc_column_text][\/vc_column_inner][vc_column_inner width=&#8221;1\/3&#8243;][vc_single_image image=&#8221;3289&#8243; img_size=&#8221;full&#8221; alignment=&#8221;center&#8221;]<div style=\"clear:both; width:100%; height:20px\"><\/div>\t\t<div class=\"homey-module module-title section-title-module text-center \">\r\n\t\t\t<h2 >Desayuno<\/h2>\r\n\r\n\t\t\t<p  class=\"sub-heading\">Precio: 10\u20ac\/d\u00eda\/persona<\/p>\r\n\t\t<\/div>\r\n\t\t[vc_column_text css=&#8221;.vc_custom_1754740135793{padding-top: 15px !important;}&#8221;]<\/p>\n<div class=\"mphb-service post-1181 mphb_room_service type-mphb_room_service status-publish has-post-thumbnail mphb-service-pay-per-adult mphb-service-pay-per-night\">\n<div class=\"mphb-loop-service-content\">\n<p class=\"p1\">Si quiere, podemos incluir en su apartamento un surtido de productos en su nevera, compuesto por: 1 litro de leche, mermelada, pan con semillas, mantequilla, yogur, zumo y fruta<\/p>\n<\/div>\n<\/div>\n<p>[\/vc_column_text][\/vc_column_inner][vc_column_inner width=&#8221;1\/3&#8243;][vc_single_image image=&#8221;3290&#8243; img_size=&#8221;medium&#8221; alignment=&#8221;center&#8221;]<div style=\"clear:both; width:100%; height:20px\"><\/div>\t\t<div class=\"homey-module module-title section-title-module text-center \">\r\n\t\t\t<h2 >Limpieza diaria<\/h2>\r\n\r\n\t\t\t<p  class=\"sub-heading\">Precio: 10\u20ac\/d\u00eda<\/p>\r\n\t\t<\/div>\r\n\t\t[vc_column_text css=&#8221;.vc_custom_1754740130023{padding-top: 15px !important;}&#8221;]<\/p>\n<p class=\"p1\">Nuestros apartamentos se limpian despu\u00e9s de cada estancia. Las toallas se cambian cada 3 d\u00edas para la misma estancia, pero si desea una limpieza diaria, cobramos un cargo adicional.<\/p>\n<p>[\/vc_column_text][\/vc_column_inner][\/vc_row_inner]<div style=\"clear:both; width:100%; height:50px\"><\/div>[vc_row_inner equal_height=&#8221;yes&#8221;][vc_column_inner width=&#8221;1\/3&#8243;][vc_single_image image=&#8221;3292&#8243; img_size=&#8221;medium&#8221; alignment=&#8221;center&#8221;]<div style=\"clear:both; width:100%; height:20px\"><\/div>\t\t<div class=\"homey-module module-title section-title-module text-center \">\r\n\t\t\t<h2 >Ayuda para visitar la ciudad.<\/h2>\r\n\r\n\t\t\t<p  class=\"sub-heading\">Precio: Gratis<\/p>\r\n\t\t<\/div>\r\n\t\t[vc_column_text css=&#8221;.vc_custom_1754740120705{padding-top: 15px !important;}&#8221;]<\/p>\n<div class=\"mphb-service post-1443 mphb_room_service type-mphb_room_service status-publish has-post-thumbnail mphb-service-free\">\n<div class=\"mphb-loop-service-content\">\n<p class=\"p1\">Conocemos muy bien Oporto y el norte del pa\u00eds. A menudo ayudamos a nuestros hu\u00e9spedes a elegir los mejores lugares para visitar y disfrutar en la ciudad y sus alrededores. Si necesita ayuda para planificar sus d\u00edas, h\u00e1ganoslo saber y con gusto le ayudaremos de forma gratuita.<\/p>\n<\/div>\n<\/div>\n<p>[\/vc_column_text][\/vc_column_inner][vc_column_inner width=&#8221;1\/3&#8243;][vc_single_image image=&#8221;3291&#8243; img_size=&#8221;medium&#8221; alignment=&#8221;center&#8221;]<div style=\"clear:both; width:100%; height:20px\"><\/div>\t\t<div class=\"homey-module module-title section-title-module text-center \">\r\n\t\t\t<h2 >Sorpresa Romantica<\/h2>\r\n\r\n\t\t\t<p  class=\"sub-heading\">Precio: 50\u20ac<\/p>\r\n\t\t<\/div>\r\n\t\t[vc_column_text css=&#8221;.vc_custom_1754740125138{padding-top: 15px !important;}&#8221;]<\/p>\n<div id=\"content\" class=\"site-content\">\n<div id=\"primary\" class=\"content-area wide\">\n<p class=\"p1\">A su llegada, tendra una cama decorada con p\u00e9talos de rosa en forma de coraz\u00f3n, una botella de vino espumoso y bombones de chocolate&#8230; Para una ocasi\u00f3n \u00fanica o para celebrar una fecha especial, puede hacer una \u00a1sorpresa que no olvidar\u00e1!\u2026<\/p>\n<\/div>\n<\/div>\n<p>[\/vc_column_text][\/vc_column_inner][vc_column_inner width=&#8221;1\/3&#8243;][\/vc_column_inner][\/vc_row_inner]<div style=\"clear:both; width:100%; height:50px\"><\/div>[\/vc_column][\/vc_row]<\/p>","protected":false},"excerpt":{"rendered":"<p>[vc_row][vc_column][vc_row_inner equal_height=&#8221;yes&#8221;][vc_column_inner width=&#8221;1\/3&#8243;][vc_single_image image=&#8221;3288&#8243; img_size=&#8221;250&#215;200&#8243; alignment=&#8221;center&#8221;][vc_column_text css=&#8221;.vc_custom_1754740140811{padding-top: 15px !important;}&#8221;] Alquilamos bicicletas. Est\u00e1n en nuestro parking para su uso durante todo el d\u00eda. Es claramente una forma diferente de visitar Porto, ver las playas, el parque de la ciudad, toda la riqueza de la ribera del Duero, ir a la Marginal de Gaia\u2026 finalmente visitar, conocer [&hellip;]<\/p>\n","protected":false},"author":1,"featured_media":0,"parent":0,"menu_order":0,"comment_status":"closed","ping_status":"closed","template":"","meta":{"_seopress_robots_primary_cat":"","_seopress_titles_title":"Servi\u00e7os | Porto Deluxe Apartments \u2013 Alojamento no Porto","_seopress_titles_desc":"Conhe\u00e7a todos os servi\u00e7os nos Porto Deluxe Apartments. Alojamento confort\u00e1vel no centro do Porto, ideal para f\u00e9rias e estadias curtas.","_seopress_robots_index":"","inline_featured_image":false,"two_page_speed":{"previous_score":{"desktop_score":67,"desktop_tti":"3.7\u00a0","mobile_score":56.99999999999999289457264239899814128875732421875,"mobile_tti":"19.8\u00a0","date":"28.11.2025 12:21:45 pm","status":"completed"},"current_score":{"desktop_score":97,"desktop_tti":"0.9\u00a0","mobile_score":81,"mobile_tti":"3.6\u00a0","date":"28.11.2025 12:22:45 pm","status":"completed"}},"_joinchat":[]},"_links":{"self":[{"href":"https:\/\/porto-deluxe.com\/es\/wp-json\/wp\/v2\/pages\/3286"}],"collection":[{"href":"https:\/\/porto-deluxe.com\/es\/wp-json\/wp\/v2\/pages"}],"about":[{"href":"https:\/\/porto-deluxe.com\/es\/wp-json\/wp\/v2\/types\/page"}],"author":[{"embeddable":true,"href":"https:\/\/porto-deluxe.com\/es\/wp-json\/wp\/v2\/users\/1"}],"replies":[{"embeddable":true,"href":"https:\/\/porto-deluxe.com\/es\/wp-json\/wp\/v2\/comments?post=3286"}],"version-history":[{"count":1,"href":"https:\/\/porto-deluxe.com\/es\/wp-json\/wp\/v2\/pages\/3286\/revisions"}],"predecessor-version":[{"id":4292,"href":"https:\/\/porto-deluxe.com\/es\/wp-json\/wp\/v2\/pages\/3286\/revisions\/4292"}],"wp:attachment":[{"href":"https:\/\/porto-deluxe.com\/es\/wp-json\/wp\/v2\/media?parent=3286"}],"curies":[{"name":"wp","href":"https:\/\/api.w.org\/{rel}","templated":true}]}}