{"id":2302,"date":"2021-02-10T16:06:46","date_gmt":"2021-02-10T16:06:46","guid":{"rendered":"https:\/\/castrosinn.com\/?page_id=2302"},"modified":"2025-11-28T12:25:19","modified_gmt":"2025-11-28T12:25:19","slug":"terms-and-conditions","status":"publish","type":"page","link":"https:\/\/porto-deluxe.com\/fr\/terms-and-conditions\/","title":{"rendered":"Termes et conditions"},"content":{"rendered":"<p><span style=\"font-weight: 400;\">Qui nous sommes<\/span><\/p>\r\n<p><span style=\"font-weight: 400;\">L&#8217;adresse de notre site Web est : <\/span><a href=\"https:\/\/ded8e15e-de9f-41e1-909a-6240203798c1.pipedrive.email\/c\/g43d73l7y5\/wy0751wnzk\/nkd2zl604w\/4?redirectUrl=https%3A%2F%2Fporto-deluxe.com\"><span style=\"font-weight: 400;\">https:\/\/porto-deluxe.com<\/span><\/a><span style=\"font-weight: 400;\">.<\/span><\/p>\r\n<p><span style=\"font-weight: 400;\">Quelles donn\u00e9es personnelles sont collect\u00e9es et pourquoi<\/span><\/p>\r\n<p><span style=\"font-weight: 400;\">Biscuits<\/span><\/p>\r\n<p><span style=\"font-weight: 400;\">Si vous laissez un commentaire sur notre site Web, vous pouvez choisir d&#8217;enregistrer votre nom, votre adresse e-mail et votre site Web dans des cookies. Ceci est pour votre commodit\u00e9 afin que vous n&#8217;ayez pas \u00e0 saisir \u00e0 nouveau vos coordonn\u00e9es lorsque vous laissez un autre commentaire. Ces cookies dureront un an.<\/span><\/p>\r\n<p><span style=\"font-weight: 400;\">Si vous visitez la page de connexion, un cookie temporaire sera install\u00e9 pour d\u00e9terminer si votre navigateur accepte les cookies. Ce cookie ne contient pas de donn\u00e9es personnelles et sera supprim\u00e9 lorsque vous fermerez votre navigateur.<\/span><\/p>\r\n<p><span style=\"font-weight: 400;\">Lors de la connexion, certains cookies seront d\u00e9finis pour enregistrer vos informations de session et vos choix d&#8217;affichage \u00e0 l&#8217;\u00e9cran. Les cookies de connexion durent un an. Si vous s\u00e9lectionnez &#8220;Se souvenir de moi&#8221;, votre session durera deux semaines. Lors de la d\u00e9connexion, les cookies de connexion seront supprim\u00e9s.<\/span><\/p>\r\n<p><span style=\"font-weight: 400;\">Si vous \u00e9ditez ou publiez un article, un cookie suppl\u00e9mentaire sera stock\u00e9 dans votre navigateur. Ce cookie n&#8217;inclut pas de donn\u00e9es personnelles, il indique uniquement l&#8217;ID de contenu de l&#8217;article que vous venez d&#8217;\u00e9diter. Expire apr\u00e8s 1 jour.<\/span><\/p>\r\n<p><span style=\"font-weight: 400;\">Contenu int\u00e9gr\u00e9 d&#8217;autres sites Web<\/span><\/p>\r\n<p><span style=\"font-weight: 400;\">Les articles de ce site peuvent inclure des contenus int\u00e9gr\u00e9s (par exemple des vid\u00e9os, des images, des articles, etc.). Le contenu int\u00e9gr\u00e9 d&#8217;autres sites Web se comporte comme si l&#8217;utilisateur visitait ces sites Web.<\/span><\/p>\r\n<p><span style=\"font-weight: 400;\">Ce site peut collecter des donn\u00e9es vous concernant, utiliser des cookies, int\u00e9grer un suivi tiers, surveiller vos interactions avec celui-ci, y compris enregistrer les interactions avec le contenu int\u00e9gr\u00e9 si vous avez un compte et \u00eates connect\u00e9 \u00e0 ce site.<\/span><\/p>\r\n<p><span style=\"font-weight: 400;\">formulaires de contact<\/span><\/p>\r\n<p><span style=\"font-weight: 400;\">Si vous utilisez le site pour effectuer des r\u00e9servations de s\u00e9jours, les d\u00e9tails de votre r\u00e9servation ne seront utilis\u00e9s qu&#8217;\u00e0 des fins internes d&#8217;enregistrement des clients et pour vous contacter \u00e0 propos de questions relatives \u00e0 la r\u00e9servation, telles que tous les aspects de l&#8217;enregistrement et du d\u00e9part, des r\u00e8gles d&#8217;envoi , avis et num\u00e9rique cl\u00e9s, en utilisant votre e-mail ou votre t\u00e9l\u00e9phone.<\/span><\/p>\r\n<p><span style=\"font-weight: 400;\">Combien de temps vos donn\u00e9es sont-elles conserv\u00e9es<\/span><\/p>\r\n<p><span style=\"font-weight: 400;\">Si vous laissez un commentaire, le commentaire et ses m\u00e9tadonn\u00e9es sont enregistr\u00e9s ind\u00e9finiment. Ceci afin que tous les commentaires ult\u00e9rieurs puissent \u00eatre automatiquement reconnus et approuv\u00e9s, plut\u00f4t que de les mettre dans une file d&#8217;attente de mod\u00e9ration.<\/span><\/p>\r\n<p><span style=\"font-weight: 400;\">Pour les utilisateurs qui s&#8217;inscrivent sur notre site (le cas \u00e9ch\u00e9ant), nous stockons les informations personnelles fournies dans votre profil d&#8217;utilisateur. Tous les utilisateurs peuvent consulter, modifier ou supprimer leurs informations personnelles \u00e0 tout moment (\u00e0 l&#8217;exception du fait qu&#8217;ils ne peuvent pas modifier leur nom d&#8217;utilisateur). Les administrateurs du site peuvent \u00e9galement afficher et modifier ces informations.<\/span><\/p>\r\n<p><span style=\"font-weight: 400;\">Quels droits avez-vous sur vos donn\u00e9es ?<\/span><\/p>\r\n<p><span style=\"font-weight: 400;\">Si vous avez un compte sur ce site, ou avez laiss\u00e9 des commentaires, vous pouvez demander \u00e0 recevoir un fichier d&#8217;exportation avec les donn\u00e9es personnelles d\u00e9tenues \u00e0 votre sujet, y compris les donn\u00e9es personnelles que vous avez fournies. Vous pouvez \u00e9galement demander la suppression des donn\u00e9es enregistr\u00e9es. Cela n&#8217;inclut pas les donn\u00e9es personnelles qu&#8217;il est obligatoire de conserver \u00e0 des fins administratives, juridiques ou de s\u00e9curit\u00e9.<\/span><\/p>","protected":false},"excerpt":{"rendered":"<p>Qui nous sommes L&#8217;adresse de notre site Web est : https:\/\/porto-deluxe.com. Quelles donn\u00e9es personnelles sont collect\u00e9es et pourquoi Biscuits Si vous laissez un commentaire sur notre site Web, vous pouvez choisir d&#8217;enregistrer votre nom, votre adresse e-mail et votre site Web dans des cookies. Ceci est pour votre commodit\u00e9 afin que vous n&#8217;ayez pas \u00e0 [&hellip;]<\/p>\n","protected":false},"author":1,"featured_media":0,"parent":0,"menu_order":0,"comment_status":"closed","ping_status":"open","template":"","meta":{"_seopress_robots_primary_cat":"","_seopress_titles_title":"","_seopress_titles_desc":"","_seopress_robots_index":"","inline_featured_image":false,"two_page_speed":{"previous_score":{"desktop_score":82,"desktop_tti":"2.6\u00a0","mobile_score":63,"mobile_tti":"10.9\u00a0","date":"28.11.2025 12:25:02 pm","status":"completed"},"current_score":{"desktop_score":97,"desktop_tti":"0.9\u00a0","mobile_score":81,"mobile_tti":"3.6\u00a0","date":"28.11.2025 12:25:56 pm","status":"completed"}},"_joinchat":[]},"_links":{"self":[{"href":"https:\/\/porto-deluxe.com\/fr\/wp-json\/wp\/v2\/pages\/2302"}],"collection":[{"href":"https:\/\/porto-deluxe.com\/fr\/wp-json\/wp\/v2\/pages"}],"about":[{"href":"https:\/\/porto-deluxe.com\/fr\/wp-json\/wp\/v2\/types\/page"}],"author":[{"embeddable":true,"href":"https:\/\/porto-deluxe.com\/fr\/wp-json\/wp\/v2\/users\/1"}],"replies":[{"embeddable":true,"href":"https:\/\/porto-deluxe.com\/fr\/wp-json\/wp\/v2\/comments?post=2302"}],"version-history":[{"count":1,"href":"https:\/\/porto-deluxe.com\/fr\/wp-json\/wp\/v2\/pages\/2302\/revisions"}],"predecessor-version":[{"id":4293,"href":"https:\/\/porto-deluxe.com\/fr\/wp-json\/wp\/v2\/pages\/2302\/revisions\/4293"}],"wp:attachment":[{"href":"https:\/\/porto-deluxe.com\/fr\/wp-json\/wp\/v2\/media?parent=2302"}],"curies":[{"name":"wp","href":"https:\/\/api.w.org\/{rel}","templated":true}]}}