{"id":3286,"date":"2025-08-09T11:33:13","date_gmt":"2025-08-09T11:33:13","guid":{"rendered":"https:\/\/porto-deluxe.com\/?page_id=3286"},"modified":"2025-12-02T10:35:10","modified_gmt":"2025-12-02T10:35:10","slug":"services","status":"publish","type":"page","link":"https:\/\/porto-deluxe.com\/fr\/services\/","title":{"rendered":"Services"},"content":{"rendered":"<p>[vc_row][vc_column]\t\t<div class=\"homey-module module-title section-title-module text-center \">\r\n\t\t\t<h2 >Services suppl\u00e9mentaires<\/h2>\r\n\r\n\t\t\t<p  class=\"sub-heading\"><\/p>\r\n\t\t<\/div>\r\n\t\t[vc_row_inner equal_height=&#8221;yes&#8221;][vc_column_inner width=&#8221;1\/3&#8243;][vc_single_image image=&#8221;3288&#8243; img_size=&#8221;250&#215;200&#8243; alignment=&#8221;center&#8221;]<div style=\"clear:both; width:100%; height:20px\"><\/div>\t\t<div class=\"homey-module module-title section-title-module text-center \">\r\n\t\t\t<h2 >V\u00e9los<\/h2>\r\n\r\n\t\t\t<p  class=\"sub-heading\">Tarif : 15\u20ac\/jour\/personne<\/p>\r\n\t\t<\/div>\r\n\t\t[vc_column_text css=&#8221;.vc_custom_1754740093946{padding-top: 15px !important;}&#8221;]<\/p>\n<p class=\"p1\">Nous louons des v\u00e9los. Ils sont dans notre parking pour une utilisation tout au long de la journ\u00e9e. C&#8217;est clairement une autre fa\u00e7on de visiter Porto, de voir les plages, le parc de la ville, toute la richesse des rives du Douro, d&#8217;aller \u00e0 la Marginal de Gaia\u2026 enfin de visiter, de se conna\u00eetre et de s&#8217;entra\u00eener.<\/p>\n<p>[\/vc_column_text][\/vc_column_inner][vc_column_inner width=&#8221;1\/3&#8243;][vc_single_image image=&#8221;3289&#8243; img_size=&#8221;full&#8221; alignment=&#8221;center&#8221;]<div style=\"clear:both; width:100%; height:20px\"><\/div>\t\t<div class=\"homey-module module-title section-title-module text-center \">\r\n\t\t\t<h2 >Petit-d\u00e9jeuner<\/h2>\r\n\r\n\t\t\t<p  class=\"sub-heading\">Tarif : 10\u20ac\/jour\/personne<\/p>\r\n\t\t<\/div>\r\n\t\t[vc_column_text css=&#8221;.vc_custom_1754740098380{padding-top: 15px !important;}&#8221;]<\/p>\n<div class=\"mphb-service post-1181 mphb_room_service type-mphb_room_service status-publish has-post-thumbnail mphb-service-pay-per-adult mphb-service-pay-per-night\">\n<div class=\"mphb-loop-service-content\">\n<p class=\"p1\">Si vous le souhaitez, nous pouvons inclure dans votre appartement un assortiment de produits dans votre frigo, compos\u00e9 de : 1 litre de lait, confiture, pain aux graines, beurre, yaourt, jus et fruits<\/p>\n<\/div>\n<\/div>\n<p>[\/vc_column_text][\/vc_column_inner][vc_column_inner width=&#8221;1\/3&#8243;][vc_single_image image=&#8221;3290&#8243; img_size=&#8221;medium&#8221; alignment=&#8221;center&#8221;]<div style=\"clear:both; width:100%; height:20px\"><\/div>\t\t<div class=\"homey-module module-title section-title-module text-center \">\r\n\t\t\t<h2 >M\u00e9nage quotidien<\/h2>\r\n\r\n\t\t\t<p  class=\"sub-heading\">Tarif : 10\u20ac\/jour<\/p>\r\n\t\t<\/div>\r\n\t\t[vc_column_text css=&#8221;.vc_custom_1754740103694{padding-top: 15px !important;}&#8221;]<\/p>\n<p class=\"p1\">Nos appartements sont nettoy\u00e9s apr\u00e8s chaque s\u00e9jour. Les serviettes sont chang\u00e9es tous les 3 jours pour le m\u00eame s\u00e9jour, mais si vous souhaitez un nettoyage quotidien, nous facturons des frais suppl\u00e9mentaires.<\/p>\n<p>[\/vc_column_text][\/vc_column_inner][\/vc_row_inner]<div style=\"clear:both; width:100%; height:50px\"><\/div>[vc_row_inner equal_height=&#8221;yes&#8221;][vc_column_inner width=&#8221;1\/3&#8243;][vc_single_image image=&#8221;3292&#8243; img_size=&#8221;medium&#8221; alignment=&#8221;center&#8221;]<div style=\"clear:both; width:100%; height:20px\"><\/div>\t\t<div class=\"homey-module module-title section-title-module text-center \">\r\n\t\t\t<h2 >Aide \u00e0 la visite de la ville<\/h2>\r\n\r\n\t\t\t<p  class=\"sub-heading\">Prix : Gratuit<\/p>\r\n\t\t<\/div>\r\n\t\t[vc_column_text css=&#8221;.vc_custom_1754740114302{padding-top: 15px !important;}&#8221;]<\/p>\n<div class=\"mphb-service post-1443 mphb_room_service type-mphb_room_service status-publish has-post-thumbnail mphb-service-free\">\n<div class=\"mphb-loop-service-content\">\n<p class=\"p1\">Nous connaissons tr\u00e8s bien Porto et le nord du pays. Nous aidons souvent nos clients \u00e0 choisir les meilleurs endroits \u00e0 visiter et \u00e0 appr\u00e9cier dans la ville et ses environs. Si vous avez besoin d&#8217;aide pour planifier vos journ\u00e9es, faites-le nous savoir et nous nous ferons un plaisir de vous aider gratuitement\u00a0!<\/p>\n<\/div>\n<\/div>\n<p>[\/vc_column_text][\/vc_column_inner][vc_column_inner width=&#8221;1\/3&#8243;][vc_single_image image=&#8221;3291&#8243; img_size=&#8221;medium&#8221; alignment=&#8221;center&#8221;]<div style=\"clear:both; width:100%; height:20px\"><\/div>\t\t<div class=\"homey-module module-title section-title-module text-center \">\r\n\t\t\t<h2 >Surprise romantique<\/h2>\r\n\r\n\t\t\t<p  class=\"sub-heading\">Prix : 50\u20ac<\/p>\r\n\t\t<\/div>\r\n\t\t[vc_column_text css=&#8221;.vc_custom_1754740108675{padding-top: 15px !important;}&#8221;]<\/p>\n<div id=\"content\" class=\"site-content\">\n<div id=\"primary\" class=\"content-area wide\">\n<p class=\"p1\">A votre arriv\u00e9e, vous disposerez d&#8217;un lit d\u00e9cor\u00e9 de p\u00e9tales de rose en forme de c\u0153ur, d&#8217;une bouteille de vin p\u00e9tillant et de bonbons au chocolat&#8230; Pour une occasion unique ou pour f\u00eater une date sp\u00e9ciale, vous pourrez faire une surprise que vous n&#8217;oublierez pas!\u2026<\/p>\n<\/div>\n<\/div>\n<p>[\/vc_column_text][\/vc_column_inner][vc_column_inner width=&#8221;1\/3&#8243;][\/vc_column_inner][\/vc_row_inner]<div style=\"clear:both; width:100%; height:50px\"><\/div>[\/vc_column][\/vc_row]<\/p>","protected":false},"excerpt":{"rendered":"<p>[vc_row][vc_column][vc_row_inner equal_height=&#8221;yes&#8221;][vc_column_inner width=&#8221;1\/3&#8243;][vc_single_image image=&#8221;3288&#8243; img_size=&#8221;250&#215;200&#8243; alignment=&#8221;center&#8221;][vc_column_text css=&#8221;.vc_custom_1754740093946{padding-top: 15px !important;}&#8221;] Nous louons des v\u00e9los. Ils sont dans notre parking pour une utilisation tout au long de la journ\u00e9e. C&#8217;est clairement une autre fa\u00e7on de visiter Porto, de voir les plages, le parc de la ville, toute la richesse des rives du Douro, d&#8217;aller \u00e0 la Marginal [&hellip;]<\/p>\n","protected":false},"author":1,"featured_media":0,"parent":0,"menu_order":0,"comment_status":"closed","ping_status":"closed","template":"","meta":{"_seopress_robots_primary_cat":"","_seopress_titles_title":"Servi\u00e7os | Porto Deluxe Apartments \u2013 Alojamento no Porto","_seopress_titles_desc":"Conhe\u00e7a todos os servi\u00e7os nos Porto Deluxe Apartments. Alojamento confort\u00e1vel no centro do Porto, ideal para f\u00e9rias e estadias curtas.","_seopress_robots_index":"","inline_featured_image":false,"two_page_speed":{"previous_score":{"desktop_score":67,"desktop_tti":"3.7\u00a0","mobile_score":56.99999999999999289457264239899814128875732421875,"mobile_tti":"19.8\u00a0","date":"28.11.2025 12:21:45 pm","status":"completed"},"current_score":{"desktop_score":97,"desktop_tti":"0.9\u00a0","mobile_score":81,"mobile_tti":"3.6\u00a0","date":"28.11.2025 12:22:45 pm","status":"completed"}},"_joinchat":[]},"_links":{"self":[{"href":"https:\/\/porto-deluxe.com\/fr\/wp-json\/wp\/v2\/pages\/3286"}],"collection":[{"href":"https:\/\/porto-deluxe.com\/fr\/wp-json\/wp\/v2\/pages"}],"about":[{"href":"https:\/\/porto-deluxe.com\/fr\/wp-json\/wp\/v2\/types\/page"}],"author":[{"embeddable":true,"href":"https:\/\/porto-deluxe.com\/fr\/wp-json\/wp\/v2\/users\/1"}],"replies":[{"embeddable":true,"href":"https:\/\/porto-deluxe.com\/fr\/wp-json\/wp\/v2\/comments?post=3286"}],"version-history":[{"count":1,"href":"https:\/\/porto-deluxe.com\/fr\/wp-json\/wp\/v2\/pages\/3286\/revisions"}],"predecessor-version":[{"id":4292,"href":"https:\/\/porto-deluxe.com\/fr\/wp-json\/wp\/v2\/pages\/3286\/revisions\/4292"}],"wp:attachment":[{"href":"https:\/\/porto-deluxe.com\/fr\/wp-json\/wp\/v2\/media?parent=3286"}],"curies":[{"name":"wp","href":"https:\/\/api.w.org\/{rel}","templated":true}]}}