{"id":1340,"date":"2018-10-25T17:34:23","date_gmt":"2018-10-25T17:34:23","guid":{"rendered":"http:\/\/wordpress-89239-751427.cloudwaysapps.com\/?page_id=1340"},"modified":"2025-11-28T12:10:05","modified_gmt":"2025-11-28T12:10:05","slug":"contact-us","status":"publish","type":"page","link":"https:\/\/porto-deluxe.com\/pt\/contact-us\/","title":{"rendered":"Contacte-nos"},"content":{"rendered":"<p>A enviar...\" data-submit-text=\"Enviar\" aria-live=\"assertive\" value=\"wpforms-submit\">Enviar<\/button><img src=\"https:\/\/porto-deluxe.com\/wp-content\/plugins\/wpforms-lite\/assets\/images\/submit-spin.svg\" class=\"wpforms-submit-spinner\" style=\"display: none;\" width=\"26\" height=\"26\" alt=\"Loading\"><\/div><\/form><\/div>  <!-- .wpforms-container -->[\/vc_column][vc_column width=&#8221;1\/12&#8243;][\/vc_column][vc_column width=&#8221;4\/12&#8243;][vc_column_text css=&#8221;.vc_custom_1763458648332{padding-top: 30px !important;padding-right: 30px !important;padding-bottom: 30px !important;padding-left: 30px !important;background-color: #ffffff !important;}&#8221;]<\/p>\n<h3>Address<\/h3>\n<p>[\/vc_column_text][vc_row_inner css=&#8221;.vc_custom_1763458746499{padding-left: 30px !important;}&#8221;][vc_column_inner width=&#8221;1\/2&#8243;][vc_column_text]<\/p>\n<div class=\"jetpack-address__address jetpack-address__address1\">Av da Boavista, 739<\/div>\n<div><span class=\"jetpack-address__city\">Porto<\/span>,\u00a0<span class=\"jetpack-address__postal\">4100-111<\/span><\/div>\n<div class=\"jetpack-address__country\">Portugal<\/div>\n<p>[\/vc_column_text][\/vc_column_inner][vc_column_inner width=&#8221;1\/2&#8243;][vc_column_text]<\/p>\n<div class=\"jetpack-address__address jetpack-address__address1\">Av da Boavista, 741 \/ 753<\/div>\n<div><span class=\"jetpack-address__city\">Porto<\/span>,\u00a0<span class=\"jetpack-address__postal\">4100-111<\/span><\/div>\n<div class=\"jetpack-address__country\">Portugal<\/div>\n<p>[\/vc_column_text][\/vc_column_inner][\/vc_row_inner][vc_row_inner css=&#8221;.vc_custom_1763458820609{padding-left: 30px !important;}&#8221;][vc_column_inner][vc_column_text]<\/p>\n<div class=\"jetpack-address__address jetpack-address__address1\">Av da Boavista, 938<\/div>\n<div><span class=\"jetpack-address__city\">Porto<\/span>,\u00a0<span class=\"jetpack-address__postal\">4100-111<\/span><\/div>\n<div class=\"jetpack-address__country\">Portugal<\/div>\n<p>[\/vc_column_text][\/vc_column_inner][\/vc_row_inner][vc_column_text css=&#8221;.vc_custom_1666273480936{padding-top: 30px !important;padding-right: 30px !important;padding-bottom: 30px !important;padding-left: 30px !important;background-color: #ffffff !important;}&#8221;]<\/p>\n<h3>Direct Contact<\/h3>\n<p><strong>Phone<\/strong>:(+351) 927 214 033<br \/>\n<strong>WhatsApp<\/strong>: (+351) 927 214 033<br \/>\n<strong>Email<\/strong>: <a href=\"mailto:info@porto-deluxe.com\">info@porto-deluxe.com<\/a>[\/vc_column_text][\/vc_column][\/vc_row][vc_row][vc_column]<div style=\"clear:both; width:100%; height:50px\"><\/div>[\/vc_column][\/vc_row][vc_row full_width=&#8221;stretch_row_content_no_spaces&#8221;][vc_column][vc_gmaps link=&#8221;#E-8_JTNDaWZyYW1lJTIwc3JjJTNEJTIyaHR0cHMlM0ElMkYlMkZ3d3cuZ29vZ2xlLmNvbSUyRm1hcHMlMkZkJTJGdSUyRjElMkZlbWJlZCUzRm1pZCUzRDEyaDdsWEltdzhfYV9oVXVRTnJUV1FpaVdZQWxwWVNRJTI2ZWhiYyUzRDJFMzEyRiUyNm5vcHJvZiUzRDElMjIlMjB3aWR0aCUzRCUyMjYwMCUyMiUyMGhlaWdodCUzRCUyMjQ1MCUyMiUzRSUzQyUyRmlmcmFtZSUzRQ==&#8221;][\/vc_column][\/vc_row][vc_row full_width=&#8221;stretch_row_content_no_spaces&#8221; disable_element=&#8221;yes&#8221;][vc_column][vc_gmaps link=&#8221;#E-8_JTNDaWZyYW1lJTIwc3JjJTNEJTIyaHR0cHMlM0ElMkYlMkZ3d3cuZ29vZ2xlLmNvbSUyRm1hcHMlMkZlbWJlZCUzRnBiJTNEJTIxMW0xOCUyMTFtMTIlMjExbTMlMjExZDMwMDMuOTEwNzM5NTMwNjExJTIxMmQtOC42MzQ3MzM2NDgzMDgwNTElMjEzZDQxLjE1ODI5OTAxODAyNTUxJTIxMm0zJTIxMWYwJTIxMmYwJTIxM2YwJTIxM20yJTIxMWkxMDI0JTIxMmk3NjglMjE0ZjEzLjElMjEzbTMlMjExbTIlMjExczB4ZDI0NjVhNzRkMzRiNmE5JTI1M0EweDYzNjYyY2M4MjVlZjljNmElMjEyc0F2LiUyNTIwZGElMjUyMEJvYXZpc3RhJTI1MjA3NDElMjUyQyUyNTIwNDEwMC0xMTElMjUyMFBvcnRvJTIxNWUwJTIxM20yJTIxMXNwdC1QVCUyMTJzcHQlMjE0djE2NjYyNzMzODA5MzclMjE1bTIlMjExc3B0LVBUJTIxMnNwdCUyMiUyMHdpZHRoJTNEJTIyNjAwJTIyJTIwaGVpZ2h0JTNEJTIyNDUwJTIyJTIwc3R5bGUlM0QlMjJib3JkZXIlM0EwJTNCJTIyJTIwYWxsb3dmdWxsc2NyZWVuJTNEJTIyJTIyJTIwbG9hZGluZyUzRCUyMmxhenklMjIlMjByZWZlcnJlcnBvbGljeSUzRCUyMm5vLXJlZmVycmVyLXdoZW4tZG93bmdyYWRlJTIyJTNFJTNDJTJGaWZyYW1lJTNF&#8221;][\/vc_column][\/vc_row][vc_row][vc_column]<div style=\"clear:both; width:100%; height:20px\"><\/div>\t\t<div class=\"homey-module module-title section-title-module text-left \">\r\n\t\t\t<h2 >Contacte-nos<\/h2>\r\n\r\n\t\t\t<p  class=\"sub-heading\"><\/p>\r\n\t\t<\/div>\r\n\t\t[vc_column_text]<\/p>\n<p data-pm-slice=\"1 1 []\"><strong>Diga-nos o que pretende, j\u00e1 acomodamos milhares de h\u00f3spedes e como tal podemos aconselhar em todo o tipo de experi\u00eancias para visitar a nossa cidade e na escolha dos nossos apartamentos para usufruir da sua estadia o melhor poss\u00edvel.\u00a0Gosta de hist\u00f3ria? Comer? Cultura? Romance? Aventura?\u00a0<\/strong><\/p>\n<p data-pm-slice=\"1 1 []\">Se preferir pode-nos visitar no Airbnb \u2013\u00a0<a href=\"https:\/\/ded8e15e-de9f-41e1-909a-6240203798c1.pipedrive.email\/c\/g43d73l7y5\/wy0751wnzk\/wye59w0dy2\/2?redirectUrl=https%3A%2F%2Fwww.airbnb.pt%2Fusers%2Fshow%2F199285591\">https:\/\/www.airbnb.pt\/users<\/a><a href=\"https:\/\/ded8e15e-de9f-41e1-909a-6240203798c1.pipedrive.email\/c\/g43d73l7y5\/wy0751wnzk\/wye59w0dy2\/3?redirectUrl=https%3A%2F%2Fwww.airbnb.pt%2Fusers%2F199285591%2Flistings%3Fuser_id%3D199285591%26s%3D3\">\/show\/199285591<\/a>\u00a0ou no Booking \u2013\u00a0<a href=\"https:\/\/ded8e15e-de9f-41e1-909a-6240203798c1.pipedrive.email\/c\/g43d73l7y5\/wy0751wnzk\/wye59w0dy2\/4?redirectUrl=https%3A%2F%2Fwww.booking.com%2Fhotel%2Fpt%2Fporto-deluxe-apartments.en-gb.html%3F\">https:\/\/www.booking.com\/hotel\/pt\/porto-deluxe-apartments.en-gb.html?<\/a><\/p>\n<p data-pm-slice=\"1 1 []\"><strong>\u00a0Mas no nosso website damos mais possibilidades e garantimos sempre os melhores pre\u00e7os.<\/strong><\/p>\n<p>[\/vc_column_text][\/vc_column][\/vc_row][vc_row][vc_column width=&#8221;7\/12&#8243;]<div style=\"clear:both; width:100%; height:20px\"><\/div><div class=\"wpforms-container wpforms-container-full wpforms-render-modern\" id=\"wpforms-2776\"><form id=\"wpforms-form-2776\" class=\"wpforms-validate wpforms-form wpforms-ajax-form\" data-formid=\"2776\" method=\"post\" enctype=\"multipart\/form-data\" action=\"\/pt\/wp-json\/wp\/v2\/pages\/1340\" data-token=\"297a186f8da279247a1f12c01562c52d\" data-token-time=\"1776287094\"><noscript class=\"wpforms-error-noscript\">Please enable JavaScript in your browser to complete this form.<\/noscript><div class=\"wpforms-hidden\" id=\"wpforms-error-noscript\">Please enable JavaScript in your browser to complete this form.<\/div><div class=\"wpforms-field-container\">\t\t<div id=\"wpforms-2776-field_4-container\"\n\t\t\tclass=\"wpforms-field wpforms-field-text\"\n\t\t\tdata-field-type=\"text\"\n\t\t\tdata-field-id=\"4\"\n\t\t\t>\n\t\t\t<label class=\"wpforms-field-label\" for=\"wpforms-2776-field_4\" >Nome Email Mensagem<\/label>\n\t\t\t<input type=\"text\" id=\"wpforms-2776-field_4\" class=\"wpforms-field-medium\" name=\"wpforms[fields][4]\" >\n\t\t<\/div>\n\t\t<div id=\"wpforms-2776-field_1-container\" class=\"wpforms-field wpforms-field-name\" data-field-id=\"1\"><label class=\"wpforms-field-label\" for=\"wpforms-2776-field_1\">Nome <span class=\"wpforms-required-label\" aria-hidden=\"true\">*<\/span><\/label><input type=\"text\" id=\"wpforms-2776-field_1\" class=\"wpforms-field-medium wpforms-field-required\" name=\"wpforms[fields][1]\" aria-errormessage=\"wpforms-2776-field_1-error\" required><\/div><div id=\"wpforms-2776-field_2-container\" class=\"wpforms-field wpforms-field-email\" data-field-id=\"2\"><label class=\"wpforms-field-label\" for=\"wpforms-2776-field_2\">Email <span class=\"wpforms-required-label\" aria-hidden=\"true\">*<\/span><\/label><input type=\"email\" id=\"wpforms-2776-field_2\" class=\"wpforms-field-medium wpforms-field-required\" name=\"wpforms[fields][2]\" spellcheck=\"false\" aria-errormessage=\"wpforms-2776-field_2-error\" required><\/div><div id=\"wpforms-2776-field_3-container\" class=\"wpforms-field wpforms-field-textarea\" data-field-id=\"3\"><label class=\"wpforms-field-label\" for=\"wpforms-2776-field_3\">Mensagem <span class=\"wpforms-required-label\" aria-hidden=\"true\">*<\/span><\/label><textarea id=\"wpforms-2776-field_3\" class=\"wpforms-field-medium wpforms-field-required\" name=\"wpforms[fields][3]\" aria-errormessage=\"wpforms-2776-field_3-error\" required><\/textarea><\/div><script>\n\t\t\t\t( function() {\n\t\t\t\t\tconst style = document.createElement( 'style' );\n\t\t\t\t\tstyle.appendChild( document.createTextNode( '#wpforms-2776-field_4-container { position: absolute !important; overflow: hidden !important; display: inline !important; height: 1px !important; width: 1px !important; z-index: -1000 !important; padding: 0 !important; } #wpforms-2776-field_4-container input { visibility: hidden; } #wpforms-conversational-form-page #wpforms-2776-field_4-container label { counter-increment: none; }' ) );\n\t\t\t\t\tdocument.head.appendChild( style );\n\t\t\t\t\tdocument.currentScript?.remove();\n\t\t\t\t} )();\n\t\t\t<\/script><\/div><!-- .wpforms-field-container --><div class=\"wpforms-submit-container\" ><input type=\"hidden\" name=\"wpforms[id]\" value=\"2776\"><input type=\"hidden\" name=\"page_title\" value=\"\"><input type=\"hidden\" name=\"page_url\" value=\"https:\/\/porto-deluxe.com\/pt\/wp-json\/wp\/v2\/pages\/1340\"><input type=\"hidden\" name=\"url_referer\" value=\"\"><button type=\"submit\" name=\"wpforms[submit]\" id=\"wpforms-submit-2776\" class=\"wpforms-submit\" data-alt-text=\"A enviar...\" data-submit-text=\"Enviar\" aria-live=\"assertive\" value=\"wpforms-submit\">Enviar<\/button><img src=\"https:\/\/porto-deluxe.com\/wp-content\/plugins\/wpforms-lite\/assets\/images\/submit-spin.svg\" class=\"wpforms-submit-spinner\" style=\"display: none;\" width=\"26\" height=\"26\" alt=\"Loading\"><\/div><\/form><\/div>  <!-- .wpforms-container -->[\/vc_column][vc_column width=&#8221;1\/12&#8243;][\/vc_column][vc_column width=&#8221;4\/12&#8243;][vc_column_text css=&#8221;.vc_custom_1763459099756{padding-top: 30px !important;padding-right: 30px !important;padding-bottom: 30px !important;padding-left: 30px !important;background-color: #ffffff !important;}&#8221;]<\/p>\n<h3>Morada<\/h3>\n<p>[\/vc_column_text][vc_row_inner css=&#8221;.vc_custom_1763458921611{padding-left: 30px !important;}&#8221;][vc_column_inner width=&#8221;1\/2&#8243;][vc_column_text]<\/p>\n<div class=\"jetpack-address__address jetpack-address__address1\">Av da Boavista, 739<\/div>\n<div><span class=\"jetpack-address__city\">Porto<\/span>,\u00a0<span class=\"jetpack-address__postal\">4100-111<\/span><\/div>\n<div class=\"jetpack-address__country\">Portugal<\/div>\n<p>[\/vc_column_text][\/vc_column_inner][vc_column_inner width=&#8221;1\/2&#8243;][vc_column_text]<\/p>\n<div class=\"jetpack-address__address jetpack-address__address1\">Av da Boavista, 741 \/ 753<\/div>\n<div><span class=\"jetpack-address__city\">Porto<\/span>,\u00a0<span class=\"jetpack-address__postal\">4100-111<\/span><\/div>\n<div class=\"jetpack-address__country\">Portugal<\/div>\n<p>[\/vc_column_text][\/vc_column_inner][\/vc_row_inner][vc_row_inner css=&#8221;.vc_custom_1763458921611{padding-left: 30px !important;}&#8221;][vc_column_inner][vc_column_text]<\/p>\n<div class=\"jetpack-address__address jetpack-address__address1\">Av da Boavista, 938<\/div>\n<div><span class=\"jetpack-address__city\">Porto<\/span>,\u00a0<span class=\"jetpack-address__postal\">4100-111<\/span><\/div>\n<div class=\"jetpack-address__country\">Portugal<\/div>\n<p>[\/vc_column_text][\/vc_column_inner][\/vc_row_inner][vc_column_text css=&#8221;.vc_custom_1666273480936{padding-top: 30px !important;padding-right: 30px !important;padding-bottom: 30px !important;padding-left: 30px !important;background-color: #ffffff !important;}&#8221;]<\/p>\n<h3>Contacto Direto<\/h3>\n<p><strong>Telf.<\/strong>:(+351) 927 214 033<br \/>\n<strong>WhatsApp<\/strong>: (+351) 927 214 033<br \/>\n<strong>Email<\/strong>: <a href=\"mailto:info@porto-deluxe.com\">info@porto-deluxe.com<\/a>[\/vc_column_text][\/vc_column][\/vc_row][vc_row][vc_column]<div style=\"clear:both; width:100%; height:50px\"><\/div>[\/vc_column][\/vc_row][vc_row full_width=&#8221;stretch_row_content_no_spaces&#8221;][vc_column][vc_gmaps link=&#8221;#E-8_JTNDaWZyYW1lJTIwc3JjJTNEJTIyaHR0cHMlM0ElMkYlMkZ3d3cuZ29vZ2xlLmNvbSUyRm1hcHMlMkZkJTJGdSUyRjElMkZlbWJlZCUzRm1pZCUzRDEyaDdsWEltdzhfYV9oVXVRTnJUV1FpaVdZQWxwWVNRJTI2ZWhiYyUzRDJFMzEyRiUyNm5vcHJvZiUzRDElMjIlMjB3aWR0aCUzRCUyMjYwMCUyMiUyMGhlaWdodCUzRCUyMjQ1MCUyMiUzRSUzQyUyRmlmcmFtZSUzRQ==&#8221;][\/vc_column][\/vc_row]A enviar...\" data-submit-text=\"Enviar\" aria-live=\"assertive\" value=\"wpforms-submit\">Enviar<\/button><img src=\"https:\/\/porto-deluxe.com\/wp-content\/plugins\/wpforms-lite\/assets\/images\/submit-spin.svg\" class=\"wpforms-submit-spinner\" style=\"display: none;\" width=\"26\" height=\"26\" alt=\"Loading\"><\/div><\/form><\/div>  <!-- .wpforms-container -->[\/vc_column][vc_column width=&#8221;1\/12&#8243;][\/vc_column][vc_column width=&#8221;4\/12&#8243;][vc_column_text css=&#8221;.vc_custom_1763459072797{padding-top: 30px !important;padding-right: 30px !important;padding-bottom: 30px !important;padding-left: 30px !important;background-color: #ffffff !important;}&#8221;]<\/p>\n<h3>Adresse<\/h3>\n<p>[\/vc_column_text][vc_row_inner css=&#8221;.vc_custom_1763459020079{padding-left: 30px !important;}&#8221;][vc_column_inner width=&#8221;1\/2&#8243;][vc_column_text]<\/p>\n<div class=\"jetpack-address__address jetpack-address__address1\">Av da Boavista, 739<\/div>\n<div><span class=\"jetpack-address__city\">Porto<\/span>,\u00a0<span class=\"jetpack-address__postal\">4100-111<\/span><\/div>\n<div class=\"jetpack-address__country\">Portugal<\/div>\n<p>[\/vc_column_text][\/vc_column_inner][vc_column_inner width=&#8221;1\/2&#8243;][vc_column_text]<\/p>\n<div class=\"jetpack-address__address jetpack-address__address1\">Av da Boavista, 741 \/ 753<\/div>\n<div><span class=\"jetpack-address__city\">Porto<\/span>,\u00a0<span class=\"jetpack-address__postal\">4100-111<\/span><\/div>\n<div class=\"jetpack-address__country\">Portugal<\/div>\n<p>[\/vc_column_text][\/vc_column_inner][\/vc_row_inner][vc_row_inner css=&#8221;.vc_custom_1763459020079{padding-left: 30px !important;}&#8221;][vc_column_inner][vc_column_text]<\/p>\n<div class=\"jetpack-address__address jetpack-address__address1\">Av da Boavista, 938<\/div>\n<div><span class=\"jetpack-address__city\">Porto<\/span>,\u00a0<span class=\"jetpack-address__postal\">4100-111<\/span><\/div>\n<div class=\"jetpack-address__country\">Portugal<\/div>\n<p>[\/vc_column_text][\/vc_column_inner][\/vc_row_inner][vc_column_text css=&#8221;.vc_custom_1666275189609{padding-top: 30px !important;padding-right: 30px !important;padding-bottom: 30px !important;padding-left: 30px !important;background-color: #ffffff !important;}&#8221;]<\/p>\n<h3>Contact direct<\/h3>\n<p><strong>T\u00e9l.<\/strong>:(+351) 927 214 033<br \/>\n<strong>WhatsApp<\/strong>: (+351) 927 214 033<br \/>\n<strong>Email<\/strong>: <a href=\"mailto:info@porto-deluxe.com\">info@porto-deluxe.com<\/a>[\/vc_column_text][\/vc_column][\/vc_row][vc_row][vc_column]<div style=\"clear:both; width:100%; height:50px\"><\/div>[\/vc_column][\/vc_row][vc_row full_width=&#8221;stretch_row_content_no_spaces&#8221;][vc_column][vc_gmaps link=&#8221;#E-8_JTNDaWZyYW1lJTIwc3JjJTNEJTIyaHR0cHMlM0ElMkYlMkZ3d3cuZ29vZ2xlLmNvbSUyRm1hcHMlMkZkJTJGdSUyRjElMkZlbWJlZCUzRm1pZCUzRDEyaDdsWEltdzhfYV9oVXVRTnJUV1FpaVdZQWxwWVNRJTI2ZWhiYyUzRDJFMzEyRiUyNm5vcHJvZiUzRDElMjIlMjB3aWR0aCUzRCUyMjYwMCUyMiUyMGhlaWdodCUzRCUyMjQ1MCUyMiUzRSUzQyUyRmlmcmFtZSUzRQ==&#8221;][\/vc_column][\/vc_row]A enviar...\" data-submit-text=\"Enviar\" aria-live=\"assertive\" value=\"wpforms-submit\">Enviar<\/button><img src=\"https:\/\/porto-deluxe.com\/wp-content\/plugins\/wpforms-lite\/assets\/images\/submit-spin.svg\" class=\"wpforms-submit-spinner\" style=\"display: none;\" width=\"26\" height=\"26\" alt=\"Loading\"><\/div><\/form><\/div>  <!-- .wpforms-container -->[\/vc_column][vc_column width=&#8221;1\/12&#8243;][\/vc_column][vc_column width=&#8221;4\/12&#8243;][vc_column_text css=&#8221;.vc_custom_1763459129500{padding-top: 30px !important;padding-right: 30px !important;padding-bottom: 30px !important;padding-left: 30px !important;background-color: #ffffff !important;}&#8221;]<\/p>\n<h3>Direcci\u00f3n<\/h3>\n<p>[\/vc_column_text][vc_row_inner css=&#8221;.vc_custom_1763459117745{padding-left: 30px !important;}&#8221;][vc_column_inner width=&#8221;1\/2&#8243;][vc_column_text]<\/p>\n<div class=\"jetpack-address__address jetpack-address__address1\">Av da Boavista, 739<\/div>\n<div><span class=\"jetpack-address__city\">Porto<\/span>,\u00a0<span class=\"jetpack-address__postal\">4100-111<\/span><\/div>\n<div class=\"jetpack-address__country\">Portugal<\/div>\n<p>[\/vc_column_text][\/vc_column_inner][vc_column_inner width=&#8221;1\/2&#8243;][vc_column_text]<\/p>\n<div class=\"jetpack-address__address jetpack-address__address1\">Av da Boavista, 741 \/ 753<\/div>\n<div><span class=\"jetpack-address__city\">Porto<\/span>,\u00a0<span class=\"jetpack-address__postal\">4100-111<\/span><\/div>\n<div class=\"jetpack-address__country\">Portugal<\/div>\n<p>[\/vc_column_text][\/vc_column_inner][\/vc_row_inner][vc_row_inner css=&#8221;.vc_custom_1763459117745{padding-left: 30px !important;}&#8221;][vc_column_inner][vc_column_text]<\/p>\n<div class=\"jetpack-address__address jetpack-address__address1\">Av da Boavista, 938<\/div>\n<div><span class=\"jetpack-address__city\">Porto<\/span>,\u00a0<span class=\"jetpack-address__postal\">4100-111<\/span><\/div>\n<div class=\"jetpack-address__country\">Portugal<\/div>\n<p>[\/vc_column_text][\/vc_column_inner][\/vc_row_inner][vc_column_text css=&#8221;.vc_custom_1666275215636{padding-top: 30px !important;padding-right: 30px !important;padding-bottom: 30px !important;padding-left: 30px !important;background-color: #ffffff !important;}&#8221;]<\/p>\n<h3>Contacto directo<\/h3>\n<p><strong>Tel.<\/strong>:(+351) 927 214 033<br \/>\n<strong>WhatsApp<\/strong>: (+351) 927 214 033<br \/>\n<strong>Email<\/strong>: <a href=\"mailto:info@porto-deluxe.com\">info@porto-deluxe.com<\/a>[\/vc_column_text][\/vc_column][\/vc_row][vc_row][vc_column]<div style=\"clear:both; width:100%; height:50px\"><\/div>[\/vc_column][\/vc_row][vc_row full_width=&#8221;stretch_row_content_no_spaces&#8221;][vc_column][vc_gmaps link=&#8221;#E-8_JTNDaWZyYW1lJTIwc3JjJTNEJTIyaHR0cHMlM0ElMkYlMkZ3d3cuZ29vZ2xlLmNvbSUyRm1hcHMlMkZkJTJGdSUyRjElMkZlbWJlZCUzRm1pZCUzRDEyaDdsWEltdzhfYV9oVXVRTnJUV1FpaVdZQWxwWVNRJTI2ZWhiYyUzRDJFMzEyRiUyNm5vcHJvZiUzRDElMjIlMjB3aWR0aCUzRCUyMjYwMCUyMiUyMGhlaWdodCUzRCUyMjQ1MCUyMiUzRSUzQyUyRmlmcmFtZSUzRQ==&#8221;][\/vc_column][\/vc_row]A enviar...\" data-submit-text=\"Enviar\" aria-live=\"assertive\" value=\"wpforms-submit\">Enviar<\/button><img src=\"https:\/\/porto-deluxe.com\/wp-content\/plugins\/wpforms-lite\/assets\/images\/submit-spin.svg\" class=\"wpforms-submit-spinner\" style=\"display: none;\" width=\"26\" height=\"26\" alt=\"Loading\"><\/div><\/form><\/div>  <!-- .wpforms-container --><div style=\"clear:both; width:100%; height:20px\"><\/div>[\/vc_column][vc_column width=&#8221;1\/12&#8243;][\/vc_column][vc_column width=&#8221;4\/12&#8243;][vc_column_text css=&#8221;.vc_custom_1607791281242{padding-top: 30px !important;padding-right: 30px !important;padding-bottom: 30px !important;padding-left: 30px !important;background-color: #ffffff !important;}&#8221;]<\/p>\n<h3>Corporate Office<\/h3>\n<p>Rua do Vilar N\u00ba 6<br \/>\nEd. Olympus &#8211; Lojas 10 e 12<br \/>\n4710-409 Braga[\/vc_column_text][vc_column_text css=&#8221;.vc_custom_1716637185579{padding-top: 30px !important;padding-right: 30px !important;padding-bottom: 30px !important;padding-left: 30px !important;background-color: #ffffff !important;}&#8221;]<\/p>\n<h3>Direct Contact<\/h3>\n<p><strong>Phone<\/strong>:(+351) 308 815 350<br \/>\n<strong>WhatsApp<\/strong>: (+351) 920 000 000<br \/>\n<strong>Email<\/strong>: sales@ynnov.pt[\/vc_column_text][vc_column_text css=&#8221;.vc_custom_1540491220897{padding-top: 30px !important;padding-right: 30px !important;padding-bottom: 30px !important;padding-left: 30px !important;background-color: #ffffff !important;}&#8221;]<\/p>\n<h3>Company Deparment<\/h3>\n<p>To contact our team, please select one of the following:<\/p>\n<p><a href=\"#\">Sales<\/a><br \/>\n<a href=\"#\">Careers<\/a><br \/>\n<a href=\"#\">Disputes<\/a><br \/>\n<a href=\"#\">Help<\/a>[\/vc_column_text][\/vc_column][\/vc_row][vc_row][vc_column]<div style=\"clear:both; width:100%; height:50px\"><\/div>[\/vc_column][\/vc_row][vc_row full_width=&#8221;stretch_row_content_no_spaces&#8221;][vc_column][vc_gmaps link=&#8221;#E-8_JTNDaWZyYW1lJTIwc3JjJTNEJTIyaHR0cHMlM0ElMkYlMkZ3d3cuZ29vZ2xlLmNvbSUyRm1hcHMlMkZlbWJlZCUzRnBiJTNEJTIxMW0xOCUyMTFtMTIlMjExbTMlMjExZDI5ODUuNTM5NDUwMDE5OTY4JTIxMmQtOC40MDE0MDU2ODM3MTM0OCUyMTNkNDEuNTU3NTY4MDc5MjQ5MSUyMTJtMyUyMTFmMCUyMTJmMCUyMTNmMCUyMTNtMiUyMTFpMTAyNCUyMTJpNzY4JTIxNGYxMy4xJTIxM20zJTIxMW0yJTIxMXMweGQyNGZmNDk4Y2E0MjBjNyUyNTNBMHg2OTkwYTJkOWUxOWU0ZDdkJTIxMnNZbm5vdkJvb2tpbmclMjVDMiUyNUFFJTIxNWUwJTIxM20yJTIxMXNwdC1QVCUyMTJzcHQlMjE0djE2MTI5NzM0NTU3OTAlMjE1bTIlMjExc3B0LVBUJTIxMnNwdCUyMiUyMHdpZHRoJTNEJTIyNjAwJTIyJTIwaGVpZ2h0JTNEJTIyNDUwJTIyJTIwZnJhbWVib3JkZXIlM0QlMjIwJTIyJTIwc3R5bGUlM0QlMjJib3JkZXIlM0EwJTNCJTIyJTIwYWxsb3dmdWxsc2NyZWVuJTNEJTIyJTIyJTIwYXJpYS1oaWRkZW4lM0QlMjJmYWxzZSUyMiUyMHRhYmluZGV4JTNEJTIyMCUyMiUzRSUzQyUyRmlmcmFtZSUzRQ==&#8221;][\/vc_column][\/vc_row]A enviar...\" data-submit-text=\"Enviar\" aria-live=\"assertive\" value=\"wpforms-submit\">Enviar<\/button><img src=\"https:\/\/porto-deluxe.com\/wp-content\/plugins\/wpforms-lite\/assets\/images\/submit-spin.svg\" class=\"wpforms-submit-spinner\" style=\"display: none;\" width=\"26\" height=\"26\" alt=\"Loading\"><\/div><\/form><\/div>  <!-- .wpforms-container --><div style=\"clear:both; width:100%; height:20px\"><\/div>[\/vc_column][vc_column width=&#8221;1\/12&#8243;][\/vc_column][vc_column width=&#8221;4\/12&#8243;][vc_column_text css=&#8221;.vc_custom_1747055036992{padding-top: 30px !important;padding-right: 30px !important;padding-bottom: 30px !important;padding-left: 30px !important;background-color: #ffffff !important;}&#8221;]<\/p>\n<h3>Ufficio aziendale<\/h3>\n<p>Rua do Vilar N\u00ba 6<br \/>\nEd. Olympus &#8211; Lojas 10 e 12<br \/>\n4710-409 Braga[\/vc_column_text][vc_column_text css=&#8221;.vc_custom_1747055055056{padding-top: 30px !important;padding-right: 30px !important;padding-bottom: 30px !important;padding-left: 30px !important;background-color: #ffffff !important;}&#8221;]<\/p>\n<h3>Contatto diretto<\/h3>\n<p><strong>Phone<\/strong>:(+351) 308 815 350<br \/>\n<strong>WhatsApp<\/strong>: (+351) 920 000 000<br \/>\n<strong>Email<\/strong>: sales@ynnov.pt[\/vc_column_text][\/vc_column][\/vc_row][vc_row][vc_column]<div style=\"clear:both; width:100%; height:50px\"><\/div>[\/vc_column][\/vc_row][vc_row full_width=&#8221;stretch_row_content_no_spaces&#8221;][vc_column][vc_gmaps link=&#8221;#E-8_JTNDaWZyYW1lJTIwc3JjJTNEJTIyaHR0cHMlM0ElMkYlMkZ3d3cuZ29vZ2xlLmNvbSUyRm1hcHMlMkZlbWJlZCUzRnBiJTNEJTIxMW0xOCUyMTFtMTIlMjExbTMlMjExZDI5ODUuNTM5NDUwMDE5OTY4JTIxMmQtOC40MDE0MDU2ODM3MTM0OCUyMTNkNDEuNTU3NTY4MDc5MjQ5MSUyMTJtMyUyMTFmMCUyMTJmMCUyMTNmMCUyMTNtMiUyMTFpMTAyNCUyMTJpNzY4JTIxNGYxMy4xJTIxM20zJTIxMW0yJTIxMXMweGQyNGZmNDk4Y2E0MjBjNyUyNTNBMHg2OTkwYTJkOWUxOWU0ZDdkJTIxMnNZbm5vdkJvb2tpbmclMjVDMiUyNUFFJTIxNWUwJTIxM20yJTIxMXNwdC1QVCUyMTJzcHQlMjE0djE2MTI5NzM0NTU3OTAlMjE1bTIlMjExc3B0LVBUJTIxMnNwdCUyMiUyMHdpZHRoJTNEJTIyNjAwJTIyJTIwaGVpZ2h0JTNEJTIyNDUwJTIyJTIwZnJhbWVib3JkZXIlM0QlMjIwJTIyJTIwc3R5bGUlM0QlMjJib3JkZXIlM0EwJTNCJTIyJTIwYWxsb3dmdWxsc2NyZWVuJTNEJTIyJTIyJTIwYXJpYS1oaWRkZW4lM0QlMjJmYWxzZSUyMiUyMHRhYmluZGV4JTNEJTIyMCUyMiUzRSUzQyUyRmlmcmFtZSUzRQ==&#8221;][\/vc_column][\/vc_row]<\/p>","protected":false},"excerpt":{"rendered":"<p>[vc_row][vc_column][vc_column_text] Diga-nos o que pretende, j\u00e1 acomodamos milhares de h\u00f3spedes e como tal podemos aconselhar em todo o tipo de experi\u00eancias para visitar a nossa cidade e na escolha dos nossos apartamentos para usufruir da sua estadia o melhor poss\u00edvel.\u00a0Gosta de hist\u00f3ria? Comer? Cultura? Romance? Aventura?\u00a0 Se preferir pode-nos visitar no Airbnb \u2013\u00a0https:\/\/www.airbnb.pt\/users\/show\/199285591\u00a0ou no Booking [&hellip;]<\/p>\n","protected":false},"author":1,"featured_media":0,"parent":0,"menu_order":0,"comment_status":"closed","ping_status":"closed","template":"template\/template-homepage.php","meta":{"_seopress_robots_primary_cat":"","_seopress_titles_title":"","_seopress_titles_desc":"","_seopress_robots_index":"","inline_featured_image":false,"two_page_speed":{"previous_score":{"desktop_score":64,"desktop_tti":"3.5\u00a0","mobile_score":49,"mobile_tti":"16.3\u00a0","date":"28.11.2025 12:09:45 pm","status":"completed"},"current_score":{"desktop_score":95,"desktop_tti":"1.9\u00a0","mobile_score":87,"mobile_tti":"3.4\u00a0","date":"28.11.2025 12:10:47 pm","status":"completed"}},"_joinchat":[]},"_links":{"self":[{"href":"https:\/\/porto-deluxe.com\/pt\/wp-json\/wp\/v2\/pages\/1340"}],"collection":[{"href":"https:\/\/porto-deluxe.com\/pt\/wp-json\/wp\/v2\/pages"}],"about":[{"href":"https:\/\/porto-deluxe.com\/pt\/wp-json\/wp\/v2\/types\/page"}],"author":[{"embeddable":true,"href":"https:\/\/porto-deluxe.com\/pt\/wp-json\/wp\/v2\/users\/1"}],"replies":[{"embeddable":true,"href":"https:\/\/porto-deluxe.com\/pt\/wp-json\/wp\/v2\/comments?post=1340"}],"version-history":[{"count":1,"href":"https:\/\/porto-deluxe.com\/pt\/wp-json\/wp\/v2\/pages\/1340\/revisions"}],"predecessor-version":[{"id":4288,"href":"https:\/\/porto-deluxe.com\/pt\/wp-json\/wp\/v2\/pages\/1340\/revisions\/4288"}],"wp:attachment":[{"href":"https:\/\/porto-deluxe.com\/pt\/wp-json\/wp\/v2\/media?parent=1340"}],"curies":[{"name":"wp","href":"https:\/\/api.w.org\/{rel}","templated":true}]}}