{"id":3286,"date":"2025-08-09T11:33:13","date_gmt":"2025-08-09T11:33:13","guid":{"rendered":"https:\/\/porto-deluxe.com\/?page_id=3286"},"modified":"2025-12-02T10:35:10","modified_gmt":"2025-12-02T10:35:10","slug":"services","status":"publish","type":"page","link":"https:\/\/porto-deluxe.com\/pt\/services\/","title":{"rendered":"Servi\u00e7os"},"content":{"rendered":"<p>[vc_row][vc_column]\t\t<div class=\"homey-module module-title section-title-module text-center \">\r\n\t\t\t<h2 >Servi\u00e7os extra<\/h2>\r\n\r\n\t\t\t<p  class=\"sub-heading\"><\/p>\r\n\t\t<\/div>\r\n\t\t[vc_row_inner equal_height=&#8221;yes&#8221;][vc_column_inner width=&#8221;1\/3&#8243;][vc_single_image image=&#8221;3288&#8243; img_size=&#8221;250&#215;200&#8243; alignment=&#8221;center&#8221;]<div style=\"clear:both; width:100%; height:20px\"><\/div>\t\t<div class=\"homey-module module-title section-title-module text-center \">\r\n\t\t\t<h2 >Bicicletas<\/h2>\r\n\r\n\t\t\t<p  class=\"sub-heading\">Pre\u00e7o: 15\u20ac\/dia\/pessoa<\/p>\r\n\t\t<\/div>\r\n\t\t[vc_column_text css=&#8221;.vc_custom_1754739939562{padding-top: 15px !important;}&#8221;]<\/p>\n<p class=\"p1\">Alugamos Bicicletas. Est\u00e3o no nosso parque de estacionamento para usar durante todo o dia. \u00c9 claramente uma forma diferente de visitar o Porto, ver as praias, parque da cidade, toda a riqueza da marginal do rio Douro, passar para a Marginal de Gaia\u2026enfim visitar, conhecer e fazer exerc\u00edcio.<\/p>\n<p>[\/vc_column_text][\/vc_column_inner][vc_column_inner width=&#8221;1\/3&#8243;][vc_single_image image=&#8221;3289&#8243; img_size=&#8221;full&#8221; alignment=&#8221;center&#8221;]<div style=\"clear:both; width:100%; height:20px\"><\/div>\t\t<div class=\"homey-module module-title section-title-module text-center \">\r\n\t\t\t<h2 >Pequeno almo\u00e7o<\/h2>\r\n\r\n\t\t\t<p  class=\"sub-heading\">Pre\u00e7o: 10\u20ac\/dia\/pessoa<\/p>\r\n\t\t<\/div>\r\n\t\t[vc_column_text css=&#8221;.vc_custom_1754739913420{padding-top: 15px !important;}&#8221;]<\/p>\n<div class=\"mphb-service post-1181 mphb_room_service type-mphb_room_service status-publish has-post-thumbnail mphb-service-pay-per-adult mphb-service-pay-per-night\">\n<div class=\"mphb-loop-service-content\">\n<p class=\"p1\">Se quiser podemos incluir j\u00e1 no seu apartamento um sortido de produtos no seu frigorifico composto por: 1 litro de leite, compota, p\u00e3o para forma com sementes, manteiga, iogurte, sumo e fruta<\/p>\n<\/div>\n<\/div>\n<p>[\/vc_column_text][\/vc_column_inner][vc_column_inner width=&#8221;1\/3&#8243;][vc_single_image image=&#8221;3290&#8243; img_size=&#8221;medium&#8221; alignment=&#8221;center&#8221;]<div style=\"clear:both; width:100%; height:20px\"><\/div>\t\t<div class=\"homey-module module-title section-title-module text-center \">\r\n\t\t\t<h2 >Limpeza di\u00e1ria<\/h2>\r\n\r\n\t\t\t<p  class=\"sub-heading\">Pre\u00e7o: 10\u20ac\/dia<\/p>\r\n\t\t<\/div>\r\n\t\t[vc_column_text css=&#8221;.vc_custom_1754739955450{padding-top: 15px !important;}&#8221;]<\/p>\n<p class=\"p1\">Os nossos apartamentos s\u00e3o limpos na mudan\u00e7a de cada estadia. As toalhas s\u00e3o mudadas a cada 3 dias para uma mesma estadia, mas se pretender limpezas di\u00e1rias cobramos um valor adicional.<\/p>\n<p>[\/vc_column_text][\/vc_column_inner][\/vc_row_inner]<div style=\"clear:both; width:100%; height:50px\"><\/div>[vc_row_inner equal_height=&#8221;yes&#8221;][vc_column_inner width=&#8221;1\/3&#8243;][vc_single_image image=&#8221;3292&#8243; img_size=&#8221;medium&#8221; alignment=&#8221;center&#8221;]<div style=\"clear:both; width:100%; height:20px\"><\/div>\t\t<div class=\"homey-module module-title section-title-module text-center \">\r\n\t\t\t<h2 >Ajudar na sua visita \u00e0 cidade<\/h2>\r\n\r\n\t\t\t<p  class=\"sub-heading\">Pre\u00e7o: Gratuito<\/p>\r\n\t\t<\/div>\r\n\t\t[vc_column_text css=&#8221;.vc_custom_1754739965738{padding-top: 15px !important;}&#8221;]<\/p>\n<div class=\"mphb-service post-1443 mphb_room_service type-mphb_room_service status-publish has-post-thumbnail mphb-service-free\">\n<div class=\"mphb-loop-service-content\">\n<p class=\"p1\">Conhecemos muito bem o Porto e norte do pais. Ajudamos com muita frequ\u00eancia os nossos hospedes a escolher os melhores lugares para visitar e disfrutar na cidade e arredores. Se precisar de ajuda para planear os seus dias, diga-nos que ajudamos com gosto de forma gratuita!<\/p>\n<\/div>\n<\/div>\n<p>[\/vc_column_text][\/vc_column_inner][vc_column_inner width=&#8221;1\/3&#8243;][vc_single_image image=&#8221;3291&#8243; img_size=&#8221;medium&#8221; alignment=&#8221;center&#8221;]<div style=\"clear:both; width:100%; height:20px\"><\/div>\t\t<div class=\"homey-module module-title section-title-module text-center \">\r\n\t\t\t<h2 >Surpresa rom\u00e2ntica<\/h2>\r\n\r\n\t\t\t<p  class=\"sub-heading\">Pre\u00e7o: 50\u20ac<\/p>\r\n\t\t<\/div>\r\n\t\t[vc_column_text css=&#8221;.vc_custom_1754739960504{padding-top: 15px !important;}&#8221;]<\/p>\n<div id=\"content\" class=\"site-content\">\n<div id=\"primary\" class=\"content-area wide\">\n<p class=\"p1\">\u00c0 sua chegada ter\u00e1 uma cama decorada com p\u00e9talas de rosa em forma de um cora\u00e7\u00e3o, uma garrafa de espumante \u00e0 sua espera e bombons de chocolate\u2026 Para uma ocasi\u00e3o \u00fanica ou para comemorar uma data especial, pode fazer uma surpresa diferente que n\u00e3o vai esquecer!\u2026<\/p>\n<\/div>\n<\/div>\n<p>[\/vc_column_text][\/vc_column_inner][vc_column_inner width=&#8221;1\/3&#8243;][\/vc_column_inner][\/vc_row_inner]<div style=\"clear:both; width:100%; height:50px\"><\/div>[\/vc_column][\/vc_row]<\/p>","protected":false},"excerpt":{"rendered":"<p>[vc_row][vc_column][vc_row_inner equal_height=&#8221;yes&#8221;][vc_column_inner width=&#8221;1\/3&#8243;][vc_single_image image=&#8221;3288&#8243; img_size=&#8221;250&#215;200&#8243; alignment=&#8221;center&#8221;][vc_column_text css=&#8221;.vc_custom_1754739939562{padding-top: 15px !important;}&#8221;] Alugamos Bicicletas. Est\u00e3o no nosso parque de estacionamento para usar durante todo o dia. \u00c9 claramente uma forma diferente de visitar o Porto, ver as praias, parque da cidade, toda a riqueza da marginal do rio Douro, passar para a Marginal de Gaia\u2026enfim visitar, conhecer e [&hellip;]<\/p>\n","protected":false},"author":1,"featured_media":0,"parent":0,"menu_order":0,"comment_status":"closed","ping_status":"closed","template":"","meta":{"_seopress_robots_primary_cat":"","_seopress_titles_title":"Servi\u00e7os | Porto Deluxe Apartments \u2013 Alojamento no Porto","_seopress_titles_desc":"Conhe\u00e7a todos os servi\u00e7os nos Porto Deluxe Apartments. Alojamento confort\u00e1vel no centro do Porto, ideal para f\u00e9rias e estadias curtas.","_seopress_robots_index":"","inline_featured_image":false,"two_page_speed":{"previous_score":{"desktop_score":67,"desktop_tti":"3.7\u00a0","mobile_score":56.99999999999999289457264239899814128875732421875,"mobile_tti":"19.8\u00a0","date":"28.11.2025 12:21:45 pm","status":"completed"},"current_score":{"desktop_score":97,"desktop_tti":"0.9\u00a0","mobile_score":81,"mobile_tti":"3.6\u00a0","date":"28.11.2025 12:22:45 pm","status":"completed"}},"_joinchat":[]},"_links":{"self":[{"href":"https:\/\/porto-deluxe.com\/pt\/wp-json\/wp\/v2\/pages\/3286"}],"collection":[{"href":"https:\/\/porto-deluxe.com\/pt\/wp-json\/wp\/v2\/pages"}],"about":[{"href":"https:\/\/porto-deluxe.com\/pt\/wp-json\/wp\/v2\/types\/page"}],"author":[{"embeddable":true,"href":"https:\/\/porto-deluxe.com\/pt\/wp-json\/wp\/v2\/users\/1"}],"replies":[{"embeddable":true,"href":"https:\/\/porto-deluxe.com\/pt\/wp-json\/wp\/v2\/comments?post=3286"}],"version-history":[{"count":1,"href":"https:\/\/porto-deluxe.com\/pt\/wp-json\/wp\/v2\/pages\/3286\/revisions"}],"predecessor-version":[{"id":4292,"href":"https:\/\/porto-deluxe.com\/pt\/wp-json\/wp\/v2\/pages\/3286\/revisions\/4292"}],"wp:attachment":[{"href":"https:\/\/porto-deluxe.com\/pt\/wp-json\/wp\/v2\/media?parent=3286"}],"curies":[{"name":"wp","href":"https:\/\/api.w.org\/{rel}","templated":true}]}}